{"id":12285,"date":"2025-03-27T15:14:08","date_gmt":"2025-03-27T19:14:08","guid":{"rendered":"https:\/\/www.cdlinc.ca\/?page_id=12285"},"modified":"2025-03-27T15:14:09","modified_gmt":"2025-03-27T19:14:09","slug":"concentrated-maple-water","status":"publish","type":"page","link":"https:\/\/www.cdlinc.ca\/en\/about-cdl\/concentrated-maple-water\/","title":{"rendered":"CONCENTRATED MAPLE WATER"},"content":{"rendered":"<div class=\"wp-block-image\">\n<figure class=\"aligncenter size-large is-resized\"><img loading=\"lazy\" decoding=\"async\" width=\"700\" height=\"394\" src=\"https:\/\/www.cdlinc.ca\/wp-content\/uploads\/2024\/08\/Nectar1-700x394.jpg\" alt=\"\" class=\"wp-image-11639\" style=\"aspect-ratio:1.7777777777777777;object-fit:cover;width:1006px;height:auto\" srcset=\"https:\/\/www.cdlinc.ca\/wp-content\/uploads\/2024\/08\/Nectar1-700x394.jpg 700w, https:\/\/www.cdlinc.ca\/wp-content\/uploads\/2024\/08\/Nectar1-250x141.jpg 250w, https:\/\/www.cdlinc.ca\/wp-content\/uploads\/2024\/08\/Nectar1-768x432.jpg 768w, https:\/\/www.cdlinc.ca\/wp-content\/uploads\/2024\/08\/Nectar1-1536x864.jpg 1536w, https:\/\/www.cdlinc.ca\/wp-content\/uploads\/2024\/08\/Nectar1-2048x1152.jpg 2048w, https:\/\/www.cdlinc.ca\/wp-content\/uploads\/2024\/08\/Nectar1-310x174.jpg 310w, https:\/\/www.cdlinc.ca\/wp-content\/uploads\/2024\/08\/Nectar1-120x68.jpg 120w\" sizes=\"auto, (max-width: 700px) 100vw, 700px\" \/><\/figure><\/div>\n\n\n<div style=\"height:40px\" aria-hidden=\"true\" class=\"wp-block-spacer\"><\/div>\n\n\n\n<h2 class=\"wp-block-heading\" style=\"font-size:26px\">What about maple nectar (concentrated maple water)?<\/h2>\n\n\n\n<div style=\"height:10px\" aria-hidden=\"true\" class=\"wp-block-spacer\"><\/div>\n\n\n\n<p style=\"font-size:20px\">Since 2023, the Maple Producers of Quebec (PPAQ) have integrated concentrated maple water \u2013 affectionately called \u201cmaple nectar\u201d internally \u2013 into the marketing agreement for maple water. This concentrate is actually a new liquid sweetener that enhances the existing range of maple products. It is already generating growing interest both here and internationally, particularly among food processors, especially in the beverage and distillery industries.<\/p>\n\n\n\n<div style=\"height:20px\" aria-hidden=\"true\" class=\"wp-block-spacer\"><\/div>\n\n\n\n<div class=\"wp-block-columns is-layout-flex wp-container-core-columns-is-layout-9d6595d7 wp-block-columns-is-layout-flex\">\n<div class=\"wp-block-column is-layout-flow wp-block-column-is-layout-flow\" style=\"flex-basis:30%\"><div class=\"wp-block-image\">\n<figure class=\"aligncenter size-large is-resized\"><img loading=\"lazy\" decoding=\"async\" width=\"700\" height=\"700\" src=\"https:\/\/www.cdlinc.ca\/wp-content\/uploads\/2025\/03\/Nectar-Marika-1-edited-1-700x700.png\" alt=\"\" class=\"wp-image-12276\" style=\"width:219px;height:auto\" srcset=\"https:\/\/www.cdlinc.ca\/wp-content\/uploads\/2025\/03\/Nectar-Marika-1-edited-1-700x700.png 700w, https:\/\/www.cdlinc.ca\/wp-content\/uploads\/2025\/03\/Nectar-Marika-1-edited-1-250x250.png 250w, https:\/\/www.cdlinc.ca\/wp-content\/uploads\/2025\/03\/Nectar-Marika-1-edited-1-150x150.png 150w, https:\/\/www.cdlinc.ca\/wp-content\/uploads\/2025\/03\/Nectar-Marika-1-edited-1-768x768.png 768w, https:\/\/www.cdlinc.ca\/wp-content\/uploads\/2025\/03\/Nectar-Marika-1-edited-1-310x310.png 310w, https:\/\/www.cdlinc.ca\/wp-content\/uploads\/2025\/03\/Nectar-Marika-1-edited-1-120x120.png 120w, https:\/\/www.cdlinc.ca\/wp-content\/uploads\/2025\/03\/Nectar-Marika-1-edited-1.png 963w\" sizes=\"auto, (max-width: 700px) 100vw, 700px\" \/><\/figure><\/div><\/div>\n\n\n\n<div class=\"wp-block-column is-vertically-aligned-bottom is-layout-flow wp-block-column-is-layout-flow\" style=\"flex-basis:70%\">\n<div class=\"wp-block-group\"><div class=\"wp-block-group__inner-container is-layout-constrained wp-block-group-is-layout-constrained\">\n<h2 class=\"wp-block-heading\" style=\"font-size:26px\">An Emerging Market<\/h2>\n\n\n\n<div style=\"height:10px\" aria-hidden=\"true\" class=\"wp-block-spacer\"><\/div>\n\n\n\n<p style=\"font-size:20px\">Thanks to its unique properties, concentrated maple water is positioned as a natural alternative to other sweeteners and sugar substitutes currently available on the market. Its potential is promising across various sectors, from mixology to bakery products, dairy products, and processed foods.<\/p>\n<\/div><\/div>\n<\/div>\n<\/div>\n\n\n\n<div style=\"height:20px\" aria-hidden=\"true\" class=\"wp-block-spacer\"><\/div>\n\n\n\n<h2 class=\"wp-block-heading\" style=\"font-size:26px\">Equipment and Production<\/h2>\n\n\n\n<div style=\"height:10px\" aria-hidden=\"true\" class=\"wp-block-spacer\"><\/div>\n\n\n\n<p style=\"font-size:20px\">For the 2025 season, maple producers equipped with a Master-E evaporator will exclusively produce maple syrup. Although this evaporator can operate in two distinct modes \u2013 MAPLE SYRUP mode and CONCENTRATED MAPLE WATER mode \u2013 the units leaving the factory are set by default for syrup production.<\/p>\n\n\n\n<div style=\"height:20px\" aria-hidden=\"true\" class=\"wp-block-spacer\"><\/div>\n\n\n\n<h2 class=\"wp-block-heading\" style=\"font-size:26px\">Developments to Watch<\/h2>\n\n\n\n<div style=\"height:10px\" aria-hidden=\"true\" class=\"wp-block-spacer\"><\/div>\n\n\n\n<p style=\"font-size:20px\">The arrival of concentrated maple water opens the door to new economic prospects for maple producers and the entire maple industry. With increasing demand for natural and authentic ingredients, this innovation, complementary to maple syrup, offers numerous market opportunities and could redefine the future of maple products.<\/p>\n\n\n\n<div style=\"height:40px\" aria-hidden=\"true\" class=\"wp-block-spacer\"><\/div>\n\n\n\n<div class=\"wp-block-columns are-vertically-aligned-center is-layout-flex wp-container-core-columns-is-layout-9d6595d7 wp-block-columns-is-layout-flex\">\n<div class=\"wp-block-column is-vertically-aligned-center is-layout-flow wp-block-column-is-layout-flow\" style=\"flex-basis:50%\"><div class=\"wp-block-image\">\n<figure class=\"aligncenter size-large\"><img loading=\"lazy\" decoding=\"async\" width=\"700\" height=\"730\" src=\"https:\/\/www.cdlinc.ca\/wp-content\/uploads\/2025\/03\/Evaporateur-master-e-2025-edited-700x730.png\" alt=\"\" class=\"wp-image-12269\" srcset=\"https:\/\/www.cdlinc.ca\/wp-content\/uploads\/2025\/03\/Evaporateur-master-e-2025-edited-700x730.png 700w, https:\/\/www.cdlinc.ca\/wp-content\/uploads\/2025\/03\/Evaporateur-master-e-2025-edited-250x261.png 250w, https:\/\/www.cdlinc.ca\/wp-content\/uploads\/2025\/03\/Evaporateur-master-e-2025-edited-768x801.png 768w, https:\/\/www.cdlinc.ca\/wp-content\/uploads\/2025\/03\/Evaporateur-master-e-2025-edited-310x323.png 310w, https:\/\/www.cdlinc.ca\/wp-content\/uploads\/2025\/03\/Evaporateur-master-e-2025-edited-120x125.png 120w, https:\/\/www.cdlinc.ca\/wp-content\/uploads\/2025\/03\/Evaporateur-master-e-2025-edited.png 1435w\" sizes=\"auto, (max-width: 700px) 100vw, 700px\" \/><\/figure><\/div><\/div>\n\n\n\n<div class=\"wp-block-column is-vertically-aligned-center is-layout-flow wp-block-column-is-layout-flow\" style=\"flex-basis:50%\">\n<div class=\"wp-block-group\"><div class=\"wp-block-group__inner-container is-layout-constrained wp-block-group-is-layout-constrained\">\n<h2 class=\"wp-block-heading\" style=\"font-size:26px\">THE MASTER-E<\/h2>\n\n\n\n<div style=\"height:10px\" aria-hidden=\"true\" class=\"wp-block-spacer\"><\/div>\n\n\n\n<p style=\"font-size:16px\">The Master-E evaporator is a new evaporation concept in the maple industry. It combines electric energy with the energy efficiency of steam compression. It is 100% electric and fully automated for simplicity of operation and unmatched efficiency!<\/p>\n\n\n\n<div class=\"wp-block-buttons is-layout-flex wp-block-buttons-is-layout-flex\">\n<div class=\"wp-block-button\"><a class=\"wp-block-button__link wp-element-button\" href=\"https:\/\/www.cdlinc.ca\/en\/produits\/100-electric-and-automated-evaporator-the-master-e\/\">Learn more about the equipment<\/a><\/div>\n<\/div>\n<\/div><\/div>\n<\/div>\n<\/div>\n\n\n\n<div style=\"height:40px\" aria-hidden=\"true\" class=\"wp-block-spacer\"><\/div>\n\n\n\n<h2 class=\"wp-block-heading has-text-align-center\" style=\"font-size:26px\">For further information: <\/h2>\n\n\n\n<div style=\"height:20px\" aria-hidden=\"true\" class=\"wp-block-spacer\"><\/div>\n\n\n\n<div class=\"wp-block-buttons is-content-justification-center is-layout-flex wp-container-core-buttons-is-layout-16018d1d wp-block-buttons-is-layout-flex\">\n<div class=\"wp-block-button\"><a class=\"wp-block-button__link has-text-align-center wp-element-button\" href=\"https:\/\/www.cdlinc.ca\/en\/contact-us\/\">Contact us<\/a><\/div>\n<\/div>\n","protected":false},"excerpt":{"rendered":"What about maple nectar (concentrated maple water)? Since 2023, the Maple Producers of Quebec (PPAQ) have integrated concentrated maple water \u2013 affectionately called \u201cmaple nectar\u201d internally \u2013 into the marketing agreement for maple water. This concentrate is actually a new liquid sweetener that enhances the existing range of maple products. It is already generating growing [&hellip;]","protected":false},"author":19,"featured_media":0,"parent":485,"menu_order":0,"comment_status":"closed","ping_status":"closed","template":"","meta":{"_acf_changed":false,"footnotes":""},"class_list":["post-12285","page","type-page","status-publish","hentry"],"acf":[],"yoast_head":"<!-- This site is optimized with the Yoast SEO plugin v25.2 - https:\/\/yoast.com\/wordpress\/plugins\/seo\/ -->\n<title>CONCENTRATED MAPLE WATER<\/title>\n<meta name=\"robots\" content=\"index, follow, max-snippet:-1, max-image-preview:large, max-video-preview:-1\" \/>\n<link rel=\"canonical\" href=\"https:\/\/www.cdlinc.ca\/en\/concentrated-maple-water\/\" \/>\n<meta property=\"og:locale\" content=\"en_US\" \/>\n<meta property=\"og:type\" content=\"article\" \/>\n<meta property=\"og:title\" content=\"CONCENTRATED MAPLE WATER\" \/>\n<meta property=\"og:description\" content=\"What about maple nectar (concentrated maple water)? Since 2023, the Maple Producers of Quebec (PPAQ) have integrated concentrated maple water \u2013 affectionately called \u201cmaple nectar\u201d internally \u2013 into the marketing agreement for maple water. This concentrate is actually a new liquid sweetener that enhances the existing range of maple products. It is already generating growing [&hellip;]\" \/>\n<meta property=\"og:url\" content=\"https:\/\/www.cdlinc.ca\/en\/concentrated-maple-water\/\" \/>\n<meta property=\"og:site_name\" content=\"Les \u00e9quipements d&#039;\u00e9rabli\u00e8re CDL\" \/>\n<meta property=\"article:modified_time\" content=\"2025-03-27T19:14:09+00:00\" \/>\n<meta property=\"og:image\" content=\"https:\/\/www.cdlinc.ca\/wp-content\/uploads\/2024\/08\/Nectar1-700x394.jpg\" \/>\n<meta name=\"twitter:card\" content=\"summary_large_image\" \/>\n<meta name=\"twitter:label1\" content=\"Est. reading time\" \/>\n\t<meta name=\"twitter:data1\" content=\"2 minutes\" \/>\n<script type=\"application\/ld+json\" class=\"yoast-schema-graph\">{\"@context\":\"https:\/\/schema.org\",\"@graph\":[{\"@type\":\"WebPage\",\"@id\":\"https:\/\/www.cdlinc.ca\/en\/concentrated-maple-water\/\",\"url\":\"https:\/\/www.cdlinc.ca\/en\/concentrated-maple-water\/\",\"name\":\"CONCENTRATED MAPLE WATER\",\"isPartOf\":{\"@id\":\"https:\/\/www.cdlinc.ca\/fr\/#website\"},\"primaryImageOfPage\":{\"@id\":\"https:\/\/www.cdlinc.ca\/en\/concentrated-maple-water\/#primaryimage\"},\"image\":{\"@id\":\"https:\/\/www.cdlinc.ca\/en\/concentrated-maple-water\/#primaryimage\"},\"thumbnailUrl\":\"https:\/\/www.cdlinc.ca\/wp-content\/uploads\/2024\/08\/Nectar1-700x394.jpg\",\"datePublished\":\"2025-03-27T19:14:08+00:00\",\"dateModified\":\"2025-03-27T19:14:09+00:00\",\"breadcrumb\":{\"@id\":\"https:\/\/www.cdlinc.ca\/en\/concentrated-maple-water\/#breadcrumb\"},\"inLanguage\":\"en-CA\",\"potentialAction\":[{\"@type\":\"ReadAction\",\"target\":[\"https:\/\/www.cdlinc.ca\/en\/concentrated-maple-water\/\"]}]},{\"@type\":\"ImageObject\",\"inLanguage\":\"en-CA\",\"@id\":\"https:\/\/www.cdlinc.ca\/en\/concentrated-maple-water\/#primaryimage\",\"url\":\"https:\/\/www.cdlinc.ca\/wp-content\/uploads\/2024\/08\/Nectar1-700x394.jpg\",\"contentUrl\":\"https:\/\/www.cdlinc.ca\/wp-content\/uploads\/2024\/08\/Nectar1-700x394.jpg\"},{\"@type\":\"BreadcrumbList\",\"@id\":\"https:\/\/www.cdlinc.ca\/en\/concentrated-maple-water\/#breadcrumb\",\"itemListElement\":[{\"@type\":\"ListItem\",\"position\":1,\"name\":\"Home\",\"item\":\"https:\/\/www.cdlinc.ca\/en\/\"},{\"@type\":\"ListItem\",\"position\":2,\"name\":\"CONCENTRATED MAPLE WATER\"}]},{\"@type\":\"WebSite\",\"@id\":\"https:\/\/www.cdlinc.ca\/fr\/#website\",\"url\":\"https:\/\/www.cdlinc.ca\/fr\/\",\"name\":\"Les \u00e9quipements d&#039;\u00e9rabli\u00e8re CDL\",\"description\":\"L&#039;ac\u00e9riculture c&#039;est votre passion... Nous aussi.\",\"potentialAction\":[{\"@type\":\"SearchAction\",\"target\":{\"@type\":\"EntryPoint\",\"urlTemplate\":\"https:\/\/www.cdlinc.ca\/fr\/?s={search_term_string}\"},\"query-input\":{\"@type\":\"PropertyValueSpecification\",\"valueRequired\":true,\"valueName\":\"search_term_string\"}}],\"inLanguage\":\"en-CA\"}]}<\/script>\n<!-- \/ Yoast SEO plugin. -->","yoast_head_json":{"title":"CONCENTRATED MAPLE WATER","robots":{"index":"index","follow":"follow","max-snippet":"max-snippet:-1","max-image-preview":"max-image-preview:large","max-video-preview":"max-video-preview:-1"},"canonical":"https:\/\/www.cdlinc.ca\/en\/concentrated-maple-water\/","og_locale":"en_US","og_type":"article","og_title":"CONCENTRATED MAPLE WATER","og_description":"What about maple nectar (concentrated maple water)? Since 2023, the Maple Producers of Quebec (PPAQ) have integrated concentrated maple water \u2013 affectionately called \u201cmaple nectar\u201d internally \u2013 into the marketing agreement for maple water. This concentrate is actually a new liquid sweetener that enhances the existing range of maple products. It is already generating growing [&hellip;]","og_url":"https:\/\/www.cdlinc.ca\/en\/concentrated-maple-water\/","og_site_name":"Les \u00e9quipements d&#039;\u00e9rabli\u00e8re CDL","article_modified_time":"2025-03-27T19:14:09+00:00","og_image":[{"url":"https:\/\/www.cdlinc.ca\/wp-content\/uploads\/2024\/08\/Nectar1-700x394.jpg","type":"","width":"","height":""}],"twitter_card":"summary_large_image","twitter_misc":{"Est. reading time":"2 minutes"},"schema":{"@context":"https:\/\/schema.org","@graph":[{"@type":"WebPage","@id":"https:\/\/www.cdlinc.ca\/en\/concentrated-maple-water\/","url":"https:\/\/www.cdlinc.ca\/en\/concentrated-maple-water\/","name":"CONCENTRATED MAPLE WATER","isPartOf":{"@id":"https:\/\/www.cdlinc.ca\/fr\/#website"},"primaryImageOfPage":{"@id":"https:\/\/www.cdlinc.ca\/en\/concentrated-maple-water\/#primaryimage"},"image":{"@id":"https:\/\/www.cdlinc.ca\/en\/concentrated-maple-water\/#primaryimage"},"thumbnailUrl":"https:\/\/www.cdlinc.ca\/wp-content\/uploads\/2024\/08\/Nectar1-700x394.jpg","datePublished":"2025-03-27T19:14:08+00:00","dateModified":"2025-03-27T19:14:09+00:00","breadcrumb":{"@id":"https:\/\/www.cdlinc.ca\/en\/concentrated-maple-water\/#breadcrumb"},"inLanguage":"en-CA","potentialAction":[{"@type":"ReadAction","target":["https:\/\/www.cdlinc.ca\/en\/concentrated-maple-water\/"]}]},{"@type":"ImageObject","inLanguage":"en-CA","@id":"https:\/\/www.cdlinc.ca\/en\/concentrated-maple-water\/#primaryimage","url":"https:\/\/www.cdlinc.ca\/wp-content\/uploads\/2024\/08\/Nectar1-700x394.jpg","contentUrl":"https:\/\/www.cdlinc.ca\/wp-content\/uploads\/2024\/08\/Nectar1-700x394.jpg"},{"@type":"BreadcrumbList","@id":"https:\/\/www.cdlinc.ca\/en\/concentrated-maple-water\/#breadcrumb","itemListElement":[{"@type":"ListItem","position":1,"name":"Home","item":"https:\/\/www.cdlinc.ca\/en\/"},{"@type":"ListItem","position":2,"name":"CONCENTRATED MAPLE WATER"}]},{"@type":"WebSite","@id":"https:\/\/www.cdlinc.ca\/fr\/#website","url":"https:\/\/www.cdlinc.ca\/fr\/","name":"Les \u00e9quipements d&#039;\u00e9rabli\u00e8re CDL","description":"L&#039;ac\u00e9riculture c&#039;est votre passion... Nous aussi.","potentialAction":[{"@type":"SearchAction","target":{"@type":"EntryPoint","urlTemplate":"https:\/\/www.cdlinc.ca\/fr\/?s={search_term_string}"},"query-input":{"@type":"PropertyValueSpecification","valueRequired":true,"valueName":"search_term_string"}}],"inLanguage":"en-CA"}]}},"_links":{"self":[{"href":"https:\/\/www.cdlinc.ca\/en\/wp-json\/wp\/v2\/pages\/12285","targetHints":{"allow":["GET"]}}],"collection":[{"href":"https:\/\/www.cdlinc.ca\/en\/wp-json\/wp\/v2\/pages"}],"about":[{"href":"https:\/\/www.cdlinc.ca\/en\/wp-json\/wp\/v2\/types\/page"}],"author":[{"embeddable":true,"href":"https:\/\/www.cdlinc.ca\/en\/wp-json\/wp\/v2\/users\/19"}],"replies":[{"embeddable":true,"href":"https:\/\/www.cdlinc.ca\/en\/wp-json\/wp\/v2\/comments?post=12285"}],"version-history":[{"count":8,"href":"https:\/\/www.cdlinc.ca\/en\/wp-json\/wp\/v2\/pages\/12285\/revisions"}],"predecessor-version":[{"id":12293,"href":"https:\/\/www.cdlinc.ca\/en\/wp-json\/wp\/v2\/pages\/12285\/revisions\/12293"}],"up":[{"embeddable":true,"href":"https:\/\/www.cdlinc.ca\/en\/wp-json\/wp\/v2\/pages\/485"}],"wp:attachment":[{"href":"https:\/\/www.cdlinc.ca\/en\/wp-json\/wp\/v2\/media?parent=12285"}],"curies":[{"name":"wp","href":"https:\/\/api.w.org\/{rel}","templated":true}]}}